{"id":6862,"date":"2018-03-07T13:49:59","date_gmt":"2018-03-07T11:49:59","guid":{"rendered":"https:\/\/aluminium-profile.gr\/?page_id=6862"},"modified":"2018-03-07T14:19:51","modified_gmt":"2018-03-07T12:19:51","slug":"6862-2","status":"publish","type":"page","link":"https:\/\/aluminium-profile.gr\/es\/","title":{"rendered":"Inicio"},"content":{"rendered":"<p>[vc_row full_width=\u00bbstretch_row_content_no_spaces\u00bb css=\u00bb.vc_custom_1441358061785{margin-bottom: 0px !important;}\u00bb][vc_column][rev_slider_vc alias=\u00bbhomepage-01&#8243;][\/vc_column][\/vc_row][vc_row css=\u00bb.vc_custom_1441359070946{padding-top: 70px !important;padding-bottom: 0px !important;}\u00bb][vc_column][vc_row_inner el_class=\u00bbour-features\u00bb][vc_column_inner offset=\u00bbvc_col-md-4&#8243;][vc_custom_heading text=\u00bbFiabilidad\u00bb font_container=\u00bbtag:h3|font_size:18|text_align:left|color:%23111111&#8243; use_theme_fonts=\u00bbyes\u00bb][vc_column_text]La empresa se dedica a la venta y a la construcci\u00f3n desde 1965, ofreciendo excelentes precios y servicios.[\/vc_column_text][thememove_icon type=\u00bbpe7stroke\u00bb icon_pe7stroke=\u00bbpe-7s-lock\u00bb font_size=\u00bb50&#8243; font_color=\u00bb#111111&#8243;][\/vc_column_inner][vc_column_inner offset=\u00bbvc_col-md-4&#8243;][vc_custom_heading text=\u00bbCalidad\u00bb font_container=\u00bbtag:h3|font_size:18|text_align:left|color:%23111111&#8243; use_theme_fonts=\u00bbyes\u00bb][vc_column_text]Nuestros productos son de m\u00e1xima calidad, ya que utilizamos los mejores materiales del sector.[\/vc_column_text][thememove_icon type=\u00bbpe7stroke\u00bb icon_pe7stroke=\u00bbpe-7s-check\u00bb font_size=\u00bb50&#8243; font_color=\u00bb#111111&#8243;][\/vc_column_inner][vc_column_inner offset=\u00bbvc_col-md-4&#8243;][vc_custom_heading text=\u00bbF\u00e1cil montaje\u00bb font_container=\u00bbtag:h3|font_size:18|text_align:left|color:%23111111&#8243; use_theme_fonts=\u00bbyes\u00bb][vc_column_text]Dise\u00f1o de f\u00e1cil uso e instalaci\u00f3n, que ahorra tiempo y esfuerzo a nuestros clientes.[\/vc_column_text][thememove_icon type=\u00bbpe7stroke\u00bb icon_pe7stroke=\u00bbpe-7s-vector\u00bb font_size=\u00bb50&#8243; font_color=\u00bb#111111&#8243;][\/vc_column_inner][\/vc_row_inner][\/vc_column][\/vc_row][vc_row full_width=\u00bbstretch_row\u00bb parallax=\u00bbcontent-moving\u00bb parallax_image=\u00bb4801&#8243; el_class=\u00bbwe-are\u00bb css=\u00bb.vc_custom_1473157304037{margin-bottom: 0px !important;}\u00bb][vc_column offset=\u00bbvc_col-lg-6&#8243;][vc_row_inner el_class=\u00bbheading-title-with-subtitle\u00bb css=\u00bb.vc_custom_1438826134213{margin-bottom: 30px !important;}\u00bb][vc_column_inner][vc_custom_heading text=\u00bbNuestros perfiles de aluminio est\u00e1n pensados para hacerle la vida m\u00e1s f\u00e1cil\u00bb font_container=\u00bbtag:h2|font_size:32|text_align:left|color:%23111111|line_height:1.2&#8243; use_theme_fonts=\u00bbyes\u00bb el_class=\u00bbheading-title\u00bb][\/vc_column_inner][\/vc_row_inner][vc_column_text]Los perfiles de aluminio est\u00e1n fabricados en aleaci\u00f3n de aluminio anodizado 6063.\u00a0A diferencia del acero, no es necesario pintar, pulir o tratar la superficie.<\/p>\n<p>Dispone de ranuras de 6mm, 8mm y 10mm que permiten acoplar elementos de fijaci\u00f3n con las piezas y elementos de conexi\u00f3n necesarios.\u00a0Las mayores ventajas de los perfiles es su instalaci\u00f3n r\u00e1pida y limpia, su resistencia y sus m\u00faltiples aplicaciones.<\/p>\n<p>Los elementos de conexi\u00f3n, especialmente dise\u00f1ados para los perfiles, se instalan r\u00e1pido y f\u00e1cil. Las estructuras se pueden modificar a voluntad, incluso una vez finalizadas.[\/vc_column_text][\/vc_column][vc_column width=\u00bb1\/2&#8243; offset=\u00bbvc_hidden-md vc_hidden-sm vc_hidden-xs\u00bb][vc_column_text]<br \/>\n[\/vc_column_text][\/vc_column][\/vc_row][vc_row css=\u00bb.vc_custom_1472749894915{padding-top: 120px !important;padding-bottom: 0px !important;}\u00bb][vc_column][vc_row_inner el_class=\u00bbheading-title-with-subtitle\u00bb css=\u00bb.vc_custom_1438826134213{margin-bottom: 30px !important;}\u00bb][vc_column_inner][vc_custom_heading text=\u00bbProductos\u00bb font_container=\u00bbtag:h2|font_size:32|text_align:left|color:%23111111&#8243; use_theme_fonts=\u00bbyes\u00bb el_class=\u00bbheading-title\u00bb][vc_column_text]Busque los productos que le interesen en la secci\u00f3n correspondiente[\/vc_column_text][\/vc_column_inner][\/vc_row_inner][\/vc_column][\/vc_row][vc_row el_class=\u00bbour-services\u00bb css=\u00bb.vc_custom_1471942959514{padding-top: 0px !important;padding-bottom: 30px !important;}\u00bb][vc_column width=\u00bb1\/3&#8243;][vc_column_text]<a href=\"https:\/\/aluminium-profile.gr\/industrial-aluminium-profiles\/\"><img loading=\"lazy\" decoding=\"async\" class=\"alignnone size-full wp-image-4060\" src=\"https:\/\/aluminium-profile.gr\/wp-content\/uploads\/2015\/08\/industrial-aluminium-profile.png\" alt=\"industrial-aluminium-profile\" width=\"370\" height=\"200\" srcset=\"https:\/\/aluminium-profile.gr\/wp-content\/uploads\/2015\/08\/industrial-aluminium-profile.png 370w, https:\/\/aluminium-profile.gr\/wp-content\/uploads\/2015\/08\/industrial-aluminium-profile-300x162.png 300w\" sizes=\"(max-width: 370px) 100vw, 370px\" \/><\/a>[\/vc_column_text][thememove_button icon_handyman=\u00bbhm-renovation\u00bb text=\u00bbAluminium Profiles\u00bb link=\u00bburl:http%3A%2F%2Faluminium-profile.gr%2Findustrial-aluminium-profiles%2F|title:Industrial%20Aluminium%20Profiles|\u00bb el_class=\u00bbhome-cat-btn\u00bb][\/vc_column][vc_column width=\u00bb1\/3&#8243;][vc_column_text]<a href=\"https:\/\/aluminium-profile.gr\/linear-motion-systems\/\"><img loading=\"lazy\" decoding=\"async\" class=\"alignnone size-full wp-image-4065\" src=\"https:\/\/aluminium-profile.gr\/wp-content\/uploads\/2015\/08\/linear-motion-systems.png\" alt=\"linear-motion-systems\" width=\"370\" height=\"200\" srcset=\"https:\/\/aluminium-profile.gr\/wp-content\/uploads\/2015\/08\/linear-motion-systems.png 370w, https:\/\/aluminium-profile.gr\/wp-content\/uploads\/2015\/08\/linear-motion-systems-300x162.png 300w\" sizes=\"(max-width: 370px) 100vw, 370px\" \/><\/a>[\/vc_column_text][thememove_button icon_handyman=\u00bbhm-electrical\u00bb text=\u00bbLinear Motion Systems\u00bb link=\u00bburl:http%3A%2F%2Faluminium-profile.gr%2Flinear-motion-systems%2F|title:Linear%20Motion%20Systems|\u00bb el_class=\u00bbhome-cat-btn\u00bb][\/vc_column][vc_column width=\u00bb1\/3&#8243;][vc_column_text]<a href=\"https:\/\/aluminium-profile.gr\/mechanical-parts\/\"><img loading=\"lazy\" decoding=\"async\" class=\"alignnone size-full wp-image-4068\" src=\"https:\/\/aluminium-profile.gr\/wp-content\/uploads\/2015\/08\/mechanical-parts.png\" alt=\"mechanical-parts\" width=\"370\" height=\"200\" srcset=\"https:\/\/aluminium-profile.gr\/wp-content\/uploads\/2015\/08\/mechanical-parts.png 370w, https:\/\/aluminium-profile.gr\/wp-content\/uploads\/2015\/08\/mechanical-parts-300x162.png 300w\" sizes=\"(max-width: 370px) 100vw, 370px\" \/><\/a>[\/vc_column_text][thememove_button icon_handyman=\u00bbhm-painting\u00bb text=\u00bbMechanical Parts\u00bb link=\u00bburl:http%3A%2F%2Faluminium-profile.gr%2Fmechanical-parts%2F|title:Mechanical%20parts|target:%20_blank\u00bb el_class=\u00bbhome-cat-btn\u00bb][\/vc_column][\/vc_row][vc_row el_class=\u00bbour-services\u00bb css=\u00bb.vc_custom_1471942969034{padding-top: 0px !important;padding-bottom: 30px !important;}\u00bb][vc_column width=\u00bb1\/3&#8243;][vc_column_text]<a href=\"https:\/\/aluminium-profile.gr\/proionta-cat\/robotic-market\/\"><img loading=\"lazy\" decoding=\"async\" class=\"alignnone size-full wp-image-4425\" src=\"https:\/\/aluminium-profile.gr\/wp-content\/uploads\/2015\/08\/robotic-parts.jpg\" alt=\"robotic-parts\" width=\"370\" height=\"200\" srcset=\"https:\/\/aluminium-profile.gr\/wp-content\/uploads\/2015\/08\/robotic-parts.jpg 370w, https:\/\/aluminium-profile.gr\/wp-content\/uploads\/2015\/08\/robotic-parts-300x162.jpg 300w\" sizes=\"(max-width: 370px) 100vw, 370px\" \/><\/a>[\/vc_column_text][thememove_button icon_handyman=\u00bbhm-renovation\u00bb text=\u00bbRobotic Market\u00bb link=\u00bburl:http%3A%2F%2Faluminium-profile.gr%2Fproionta-cat%2Frobotic-market%2F|title:Robotic%20market|target:%20_blank\u00bb el_class=\u00bbhome-cat-btn\u00bb][\/vc_column][vc_column width=\u00bb1\/3&#8243;][vc_column_text]<a href=\"https:\/\/aluminium-profile.gr\/proionta-cat\/kagkela-alouminiou-tipou-inox\/\"><img loading=\"lazy\" decoding=\"async\" class=\"size-full wp-image-4768 alignnone\" src=\"https:\/\/aluminium-profile.gr\/wp-content\/uploads\/2015\/08\/alumkagkela.jpg\" alt=\"alumkagkela\" width=\"370\" height=\"200\" srcset=\"https:\/\/aluminium-profile.gr\/wp-content\/uploads\/2015\/08\/alumkagkela.jpg 370w, https:\/\/aluminium-profile.gr\/wp-content\/uploads\/2015\/08\/alumkagkela-300x162.jpg 300w\" sizes=\"(max-width: 370px) 100vw, 370px\" \/><\/a>[\/vc_column_text][thememove_button icon_handyman=\u00bbhm-electrical\u00bb text=\u00bb\u039a\u03ac\u03b3\u03ba\u03b5\u03bb\u03b1 \u0391\u03bb\u03bf\u03c5\u03bc\u03b9\u03bd\u03af\u03bf\u03c5 \u03a4\u03cd\u03c0\u03bf\u03c5 Inox\u00bb link=\u00bburl:http%3A%2F%2Faluminium-profile.gr%2Fproionta-cat%2Fkagkela-alouminiou-tipou-inox%2F|title:kagkela%20alouminiou%20tipou%20inox|target:%20_blank\u00bb el_class=\u00bbhome-cat-btn\u00bb][\/vc_column][vc_column width=\u00bb1\/3&#8243;][vc_column_text]<img loading=\"lazy\" decoding=\"async\" class=\"alignnone size-full wp-image-6837\" src=\"https:\/\/aluminium-profile.gr\/wp-content\/uploads\/2015\/08\/4838714e-3f72-4d20-a7ce-29883f4b7811-1.jpg\" alt=\"\" width=\"370\" height=\"200\" srcset=\"https:\/\/aluminium-profile.gr\/wp-content\/uploads\/2015\/08\/4838714e-3f72-4d20-a7ce-29883f4b7811-1.jpg 370w, https:\/\/aluminium-profile.gr\/wp-content\/uploads\/2015\/08\/4838714e-3f72-4d20-a7ce-29883f4b7811-1-300x162.jpg 300w\" sizes=\"(max-width: 370px) 100vw, 370px\" \/>[\/vc_column_text][thememove_button icon_handyman=\u00bbhm-painting\u00bb text=\u00bb\u03a3\u03c5\u03c3\u03c4\u03ae\u03bc\u03b1\u03c4\u03b1 \u0392\u03b9\u03bf\u03bc\u03b7\u03c7\u03b1\u03bd\u03b9\u03ba\u03ce\u03bd \u039c\u03b5\u03c4\u03b1\u03c6\u03bf\u03c1\u03ad\u03c9\u03bd\u00bb link=\u00bburl:http%3A%2F%2Faluminium-profile.gr%2Fsistimata-viomixanikwn-metaforewn-2%2F|title:sistimata%20viomixanikwn%20metaforewn|target:%20_blank\u00bb el_class=\u00bbhome-cat-btn\u00bb][\/vc_column][\/vc_row][vc_row full_width=\u00bbstretch_row\u00bb parallax=\u00bbcontent-moving\u00bb parallax_image=\u00bb4774&#8243; css=\u00bb.vc_custom_1472456561713{margin-bottom: 0px !important;}\u00bb el_class=\u00bbquick-quote quick-quote&#8211;dark\u00bb][vc_column width=\u00bb1\/2&#8243; offset=\u00bbvc_hidden-sm vc_hidden-xs\u00bb][vc_column_text]<br \/>\n[\/vc_column_text][vc_column_text]<br \/>\n[\/vc_column_text][\/vc_column][vc_column offset=\u00bbvc_col-lg-6 vc_col-md-6&#8243;][vc_row_inner el_class=\u00bbheading-title-with-subtitle&#8211;dark\u00bb css=\u00bb.vc_custom_1439022468075{margin-bottom: 30px !important;}\u00bb][vc_column_inner][vc_custom_heading text=\u00bbContacte con nosotros\u00bb font_container=\u00bbtag:h2|font_size:36|text_align:left|color:%23ffffff\u00bb use_theme_fonts=\u00bbyes\u00bb el_class=\u00bbheading-title\u00bb css=\u00bb.vc_custom_1520424279563{padding-top: 70px !important;}\u00bb][vc_column_text][\/vc_column_text][\/vc_column_inner][\/vc_row_inner]<div role=\"form\" class=\"wpcf7\" id=\"wpcf7-f6869-o1\" lang=\"en-US\" dir=\"ltr\">\n<div class=\"screen-reader-response\"><p role=\"status\" aria-live=\"polite\" aria-atomic=\"true\"><\/p> <ul><\/ul><\/div>\n<form action=\"\/es\/wp-json\/wp\/v2\/pages\/6862#wpcf7-f6869-o1\" method=\"post\" class=\"wpcf7-form init\" novalidate=\"novalidate\" data-status=\"init\">\n<div style=\"display: none;\">\n<input type=\"hidden\" name=\"_wpcf7\" value=\"6869\" \/>\n<input type=\"hidden\" name=\"_wpcf7_version\" value=\"5.4\" \/>\n<input type=\"hidden\" name=\"_wpcf7_locale\" value=\"en_US\" \/>\n<input type=\"hidden\" name=\"_wpcf7_unit_tag\" value=\"wpcf7-f6869-o1\" \/>\n<input type=\"hidden\" name=\"_wpcf7_container_post\" value=\"0\" \/>\n<input type=\"hidden\" name=\"_wpcf7_posted_data_hash\" value=\"\" \/>\n<\/div>\n<div class=\"form2\">\n<div class=\"row\">\n<div class=\"col-sm-6\">\n      <span class=\"wpcf7-form-control-wrap your-name\"><input type=\"text\" name=\"your-name\" value=\"\" size=\"40\" class=\"wpcf7-form-control wpcf7-text wpcf7-validates-as-required\" aria-required=\"true\" aria-invalid=\"false\" placeholder=\"Nombre\" \/><\/span><br \/>\n      <span class=\"wpcf7-form-control-wrap your-subject\"><input type=\"text\" name=\"your-subject\" value=\"\" size=\"40\" class=\"wpcf7-form-control wpcf7-text wpcf7-validates-as-required\" aria-required=\"true\" aria-invalid=\"false\" placeholder=\"T\u00edtulo\" \/><\/span>\n    <\/div>\n<div class=\"col-sm-6\">\n      <span class=\"wpcf7-form-control-wrap your-email\"><input type=\"email\" name=\"your-email\" value=\"\" size=\"40\" class=\"wpcf7-form-control wpcf7-text wpcf7-email wpcf7-validates-as-required wpcf7-validates-as-email\" aria-required=\"true\" aria-invalid=\"false\" placeholder=\"Email\" \/><\/span><br \/>\n      <span class=\"wpcf7-form-control-wrap your-phone\"><input type=\"text\" name=\"your-phone\" value=\"\" size=\"40\" class=\"wpcf7-form-control wpcf7-text\" aria-invalid=\"false\" placeholder=\"Tel\u00e9fono\" \/><\/span>\n    <\/div>\n<div class=\"col-sm-12\">\n      <span class=\"wpcf7-form-control-wrap your-message\"><textarea name=\"your-message\" cols=\"40\" rows=\"10\" class=\"wpcf7-form-control wpcf7-textarea\" aria-invalid=\"false\" placeholder=\"Mensaje\"><\/textarea><\/span>\n    <\/div>\n<div class=\"col-sm-12\">\n      <input type=\"submit\" value=\"Enviar\" class=\"wpcf7-form-control wpcf7-submit\" \/>\n    <\/div>\n<\/div>\n<\/div>\n<div class=\"wpcf7-response-output\" aria-hidden=\"true\"><\/div><\/form><\/div>[vc_empty_space height=\u00bb70&#8243;][\/vc_column][\/vc_row][vc_row css=\u00bb.vc_custom_1439028024211{margin-bottom: 0px !important;padding-top: 50px !important;padding-bottom: 50px !important;}\u00bb][vc_column][vc_single_image image=\u00bb4092&#8243; img_size=\u00bbfull\u00bb alignment=\u00bbcenter\u00bb][vc_custom_heading text=\u00bbRepresentante exclusivo Dogus Kalip\u00bb font_container=\u00bbtag:h2|font_size:32px|text_align:center\u00bb][\/vc_column][\/vc_row]<\/p>\n","protected":false},"excerpt":{"rendered":"<p>[vc_row full_width=\u00bbstretch_row_content_no_spaces\u00bb css=\u00bb.vc_custom_1441358061785{margin-bottom: 0px !important;}\u00bb][vc_column][rev_slider_vc alias=\u00bbhomepage-01&#8243;][\/vc_column][\/vc_row][vc_row css=\u00bb.vc_custom_1441359070946{padding-top: 70px !important;padding-bottom: 0px !important;}\u00bb][vc_column][vc_row_inner el_class=\u00bbour-features\u00bb][vc_column_inner offset=\u00bbvc_col-md-4&#8243;][vc_custom_heading text=\u00bbFiabilidad\u00bb font_container=\u00bbtag:h3|font_size:18|text_align:left|color:%23111111&#8243; use_theme_fonts=\u00bbyes\u00bb][vc_column_text]La empresa se dedica a la venta y a la construcci\u00f3n desde 1965, ofreciendo excelentes precios y servicios.[\/vc_column_text][thememove_icon type=\u00bbpe7stroke\u00bb icon_pe7stroke=\u00bbpe-7s-lock\u00bb font_size=\u00bb50&#8243; font_color=\u00bb#111111&#8243;][\/vc_column_inner][vc_column_inner offset=\u00bbvc_col-md-4&#8243;][vc_custom_heading text=\u00bbCalidad\u00bb font_container=\u00bbtag:h3|font_size:18|text_align:left|color:%23111111&#8243; use_theme_fonts=\u00bbyes\u00bb][vc_column_text]Nuestros productos son de m\u00e1xima calidad, ya que utilizamos los mejores materiales del sector.[\/vc_column_text][thememove_icon type=\u00bbpe7stroke\u00bb [&hellip;]<\/p>\n","protected":false},"author":1,"featured_media":0,"parent":0,"menu_order":0,"comment_status":"open","ping_status":"open","template":"","meta":{"footnotes":""},"class_list":["post-6862","page","type-page","status-publish","hentry"],"yoast_head":"<!-- This site is optimized with the Yoast SEO plugin v16.0.2 - https:\/\/yoast.com\/wordpress\/plugins\/seo\/ -->\n<title>Inicio - Aluminium Profile<\/title>\n<link rel=\"canonical\" href=\"https:\/\/aluminium-profile.gr\/es\/\" \/>\n<meta property=\"og:locale\" content=\"es_ES\" \/>\n<meta property=\"og:type\" content=\"article\" \/>\n<meta property=\"og:title\" content=\"Inicio - Aluminium Profile\" \/>\n<meta property=\"og:description\" content=\"[vc_row full_width=\u00bbstretch_row_content_no_spaces\u00bb css=\u00bb.vc_custom_1441358061785{margin-bottom: 0px !important;}\u00bb][vc_column][rev_slider_vc alias=\u00bbhomepage-01&#8243;][\/vc_column][\/vc_row][vc_row css=\u00bb.vc_custom_1441359070946{padding-top: 70px !important;padding-bottom: 0px !important;}\u00bb][vc_column][vc_row_inner el_class=\u00bbour-features\u00bb][vc_column_inner offset=\u00bbvc_col-md-4&#8243;][vc_custom_heading text=\u00bbFiabilidad\u00bb font_container=\u00bbtag:h3|font_size:18|text_align:left|color:%23111111&#8243; use_theme_fonts=\u00bbyes\u00bb][vc_column_text]La empresa se dedica a la venta y a la construcci\u00f3n desde 1965, ofreciendo excelentes precios y servicios.[\/vc_column_text][thememove_icon type=\u00bbpe7stroke\u00bb icon_pe7stroke=\u00bbpe-7s-lock\u00bb font_size=\u00bb50&#8243; font_color=\u00bb#111111&#8243;][\/vc_column_inner][vc_column_inner offset=\u00bbvc_col-md-4&#8243;][vc_custom_heading text=\u00bbCalidad\u00bb font_container=\u00bbtag:h3|font_size:18|text_align:left|color:%23111111&#8243; use_theme_fonts=\u00bbyes\u00bb][vc_column_text]Nuestros productos son de m\u00e1xima calidad, ya que utilizamos los mejores materiales del sector.[\/vc_column_text][thememove_icon type=\u00bbpe7stroke\u00bb [&hellip;]\" \/>\n<meta property=\"og:url\" content=\"https:\/\/aluminium-profile.gr\/es\/\" \/>\n<meta property=\"og:site_name\" content=\"Aluminium Profile\" \/>\n<meta property=\"article:modified_time\" content=\"2018-03-07T12:19:51+00:00\" \/>\n<meta property=\"og:image\" content=\"https:\/\/aluminium-profile.gr\/wp-content\/uploads\/2015\/08\/industrial-aluminium-profile.png\" \/>\n<meta name=\"twitter:card\" content=\"summary\" \/>\n<meta name=\"twitter:label1\" content=\"Tiempo de lectura\">\n\t<meta name=\"twitter:data1\" content=\"5 minutos\">\n<script type=\"application\/ld+json\" class=\"yoast-schema-graph\">{\"@context\":\"https:\/\/schema.org\",\"@graph\":[{\"@type\":\"WebSite\",\"@id\":\"https:\/\/aluminium-profile.gr\/es\/#website\",\"url\":\"https:\/\/aluminium-profile.gr\/es\/\",\"name\":\"Aluminium Profile\",\"description\":\"\\u03a0\\u03c1\\u03bf\\u03c6\\u03af\\u03bb \\u03b1\\u03bb\\u03bf\\u03c5\\u03bc\\u03b9\\u03bd\\u03af\\u03bf\\u03c5 - \\u0395\\u03be\\u03b1\\u03c1\\u03c4\\u03ae\\u03bc\\u03b1\\u03c4\\u03b1 \\u03c3\\u03cd\\u03bd\\u03b4\\u03b5\\u03c3\\u03b7\\u03c2- \\u039a\\u03ac\\u03b3\\u03ba\\u03b5\\u03bb\\u03b1 \\u03b1\\u03bb\\u03bf\\u03c5\\u03bc\\u03b9\\u03bd\\u03af\\u03bf\\u03c5\",\"potentialAction\":[{\"@type\":\"SearchAction\",\"target\":\"https:\/\/aluminium-profile.gr\/es\/?s={search_term_string}\",\"query-input\":\"required name=search_term_string\"}],\"inLanguage\":\"es\"},{\"@type\":\"ImageObject\",\"@id\":\"https:\/\/aluminium-profile.gr\/es\/#primaryimage\",\"inLanguage\":\"es\",\"url\":\"https:\/\/aluminium-profile.gr\/wp-content\/uploads\/2015\/08\/industrial-aluminium-profile.png\",\"width\":370,\"height\":200},{\"@type\":\"WebPage\",\"@id\":\"https:\/\/aluminium-profile.gr\/es\/#webpage\",\"url\":\"https:\/\/aluminium-profile.gr\/es\/\",\"name\":\"Inicio - Aluminium Profile\",\"isPartOf\":{\"@id\":\"https:\/\/aluminium-profile.gr\/es\/#website\"},\"primaryImageOfPage\":{\"@id\":\"https:\/\/aluminium-profile.gr\/es\/#primaryimage\"},\"datePublished\":\"2018-03-07T11:49:59+00:00\",\"dateModified\":\"2018-03-07T12:19:51+00:00\",\"breadcrumb\":{\"@id\":\"https:\/\/aluminium-profile.gr\/es\/#breadcrumb\"},\"inLanguage\":\"es\",\"potentialAction\":[{\"@type\":\"ReadAction\",\"target\":[\"https:\/\/aluminium-profile.gr\/es\/\"]}]},{\"@type\":\"BreadcrumbList\",\"@id\":\"https:\/\/aluminium-profile.gr\/es\/#breadcrumb\",\"itemListElement\":[{\"@type\":\"ListItem\",\"position\":1,\"item\":{\"@type\":\"WebPage\",\"@id\":\"https:\/\/aluminium-profile.gr\/es\/\",\"url\":\"https:\/\/aluminium-profile.gr\/es\/\",\"name\":\"Home\"}},{\"@type\":\"ListItem\",\"position\":2,\"item\":{\"@type\":\"WebPage\",\"@id\":\"https:\/\/aluminium-profile.gr\/es\/\",\"url\":\"https:\/\/aluminium-profile.gr\/es\/\",\"name\":\"Inicio\"}}]}]}<\/script>\n<!-- \/ Yoast SEO plugin. -->","_links":{"self":[{"href":"https:\/\/aluminium-profile.gr\/es\/wp-json\/wp\/v2\/pages\/6862"}],"collection":[{"href":"https:\/\/aluminium-profile.gr\/es\/wp-json\/wp\/v2\/pages"}],"about":[{"href":"https:\/\/aluminium-profile.gr\/es\/wp-json\/wp\/v2\/types\/page"}],"author":[{"embeddable":true,"href":"https:\/\/aluminium-profile.gr\/es\/wp-json\/wp\/v2\/users\/1"}],"replies":[{"embeddable":true,"href":"https:\/\/aluminium-profile.gr\/es\/wp-json\/wp\/v2\/comments?post=6862"}],"version-history":[{"count":7,"href":"https:\/\/aluminium-profile.gr\/es\/wp-json\/wp\/v2\/pages\/6862\/revisions"}],"predecessor-version":[{"id":6870,"href":"https:\/\/aluminium-profile.gr\/es\/wp-json\/wp\/v2\/pages\/6862\/revisions\/6870"}],"wp:attachment":[{"href":"https:\/\/aluminium-profile.gr\/es\/wp-json\/wp\/v2\/media?parent=6862"}],"curies":[{"name":"wp","href":"https:\/\/api.w.org\/{rel}","templated":true}]}}