{"id":6877,"date":"2018-03-07T14:33:44","date_gmt":"2018-03-07T12:33:44","guid":{"rendered":"https:\/\/aluminium-profile.gr\/?page_id=6877"},"modified":"2018-03-07T14:34:19","modified_gmt":"2018-03-07T12:34:19","slug":"schetika-me-emas","status":"publish","type":"page","link":"https:\/\/aluminium-profile.gr\/es\/schetika-me-emas\/","title":{"rendered":"Qui\u00e9nes somos"},"content":{"rendered":"<p>[vc_row][vc_column][vc_column_text]<\/p>\n<h3 style=\"text-align: justify;\"><strong>Qui\u00e9nes somos<\/strong><\/h3>\n<p>&nbsp;<\/p>\n<p>La empresa fue fundada en 1961 por Vasilios Meimaridis. La denominaci\u00f3n original de la empresa era VASILIOS MEIMARIDIS. La actividad inicial se centraba en la producci\u00f3n de estructuras de hierro y de aluminio. M\u00e1s tarde, comenz\u00f3 con la venta de hierro y aluminio. Para el procesado y corte de los metales dispon\u00eda de tijeras, plegadoras y cilindros.<\/p>\n<p>En 1999, tras a\u00f1os de excelente trayectoria, la empresa pasa a manos de los hijos Meimaridis. Los hermanos Stelios y Yorgos Meimaridis convierten la empresa personal en sociedad colectiva familiar. La empresa pasa a denominarse HERMANOS MEIMARIDIS S.L.<\/p>\n<p><strong>El principal objetivo de la empresa es ofrecer un servicio r\u00e1pido y de calidad a sus clientes al mejor precio.<\/strong><\/p>\n<p>Adem\u00e1s de los productos disponibles en la p\u00e1gina web, Hnos MEIMARIDIS S.L. dispone tambi\u00e9n de otros tipos de aluminio:[\/vc_column_text][\/vc_column][\/vc_row][vc_row][vc_column][vc_single_image image=\u00bb4623&#8243; img_size=\u00bbfull\u00bb alignment=\u00bbcenter\u00bb][\/vc_column][\/vc_row]<\/p>\n","protected":false},"excerpt":{"rendered":"<p>[vc_row][vc_column][vc_column_text] Qui\u00e9nes somos &nbsp; La empresa fue fundada en 1961 por Vasilios Meimaridis. La denominaci\u00f3n original de la empresa era VASILIOS MEIMARIDIS. La actividad inicial se centraba en la producci\u00f3n de estructuras de hierro y de aluminio. M\u00e1s tarde, comenz\u00f3 con la venta de hierro y aluminio. Para el procesado y corte de los metales [&hellip;]<\/p>\n","protected":false},"author":1,"featured_media":0,"parent":0,"menu_order":0,"comment_status":"open","ping_status":"open","template":"","meta":{"footnotes":""},"class_list":["post-6877","page","type-page","status-publish","hentry"],"yoast_head":"<!-- This site is optimized with the Yoast SEO plugin v16.0.2 - https:\/\/yoast.com\/wordpress\/plugins\/seo\/ -->\n<title>Qui\u00e9nes somos - Aluminium Profile<\/title>\n<link rel=\"canonical\" href=\"https:\/\/aluminium-profile.gr\/es\/schetika-me-emas\/\" \/>\n<meta property=\"og:locale\" content=\"es_ES\" \/>\n<meta property=\"og:type\" content=\"article\" \/>\n<meta property=\"og:title\" content=\"Qui\u00e9nes somos - Aluminium Profile\" \/>\n<meta property=\"og:description\" content=\"[vc_row][vc_column][vc_column_text] Qui\u00e9nes somos &nbsp; La empresa fue fundada en 1961 por Vasilios Meimaridis. La denominaci\u00f3n original de la empresa era VASILIOS MEIMARIDIS. La actividad inicial se centraba en la producci\u00f3n de estructuras de hierro y de aluminio. M\u00e1s tarde, comenz\u00f3 con la venta de hierro y aluminio. Para el procesado y corte de los metales [&hellip;]\" \/>\n<meta property=\"og:url\" content=\"https:\/\/aluminium-profile.gr\/es\/schetika-me-emas\/\" \/>\n<meta property=\"og:site_name\" content=\"Aluminium Profile\" \/>\n<meta property=\"article:modified_time\" content=\"2018-03-07T12:34:19+00:00\" \/>\n<meta name=\"twitter:card\" content=\"summary\" \/>\n<meta name=\"twitter:label1\" content=\"Tiempo de lectura\">\n\t<meta name=\"twitter:data1\" content=\"1 minuto\">\n<script type=\"application\/ld+json\" class=\"yoast-schema-graph\">{\"@context\":\"https:\/\/schema.org\",\"@graph\":[{\"@type\":\"WebSite\",\"@id\":\"https:\/\/aluminium-profile.gr\/es\/#website\",\"url\":\"https:\/\/aluminium-profile.gr\/es\/\",\"name\":\"Aluminium Profile\",\"description\":\"\\u03a0\\u03c1\\u03bf\\u03c6\\u03af\\u03bb \\u03b1\\u03bb\\u03bf\\u03c5\\u03bc\\u03b9\\u03bd\\u03af\\u03bf\\u03c5 - \\u0395\\u03be\\u03b1\\u03c1\\u03c4\\u03ae\\u03bc\\u03b1\\u03c4\\u03b1 \\u03c3\\u03cd\\u03bd\\u03b4\\u03b5\\u03c3\\u03b7\\u03c2- \\u039a\\u03ac\\u03b3\\u03ba\\u03b5\\u03bb\\u03b1 \\u03b1\\u03bb\\u03bf\\u03c5\\u03bc\\u03b9\\u03bd\\u03af\\u03bf\\u03c5\",\"potentialAction\":[{\"@type\":\"SearchAction\",\"target\":\"https:\/\/aluminium-profile.gr\/es\/?s={search_term_string}\",\"query-input\":\"required name=search_term_string\"}],\"inLanguage\":\"es\"},{\"@type\":\"WebPage\",\"@id\":\"https:\/\/aluminium-profile.gr\/es\/schetika-me-emas\/#webpage\",\"url\":\"https:\/\/aluminium-profile.gr\/es\/schetika-me-emas\/\",\"name\":\"Qui\\u00e9nes somos - Aluminium Profile\",\"isPartOf\":{\"@id\":\"https:\/\/aluminium-profile.gr\/es\/#website\"},\"datePublished\":\"2018-03-07T12:33:44+00:00\",\"dateModified\":\"2018-03-07T12:34:19+00:00\",\"breadcrumb\":{\"@id\":\"https:\/\/aluminium-profile.gr\/es\/schetika-me-emas\/#breadcrumb\"},\"inLanguage\":\"es\",\"potentialAction\":[{\"@type\":\"ReadAction\",\"target\":[\"https:\/\/aluminium-profile.gr\/es\/schetika-me-emas\/\"]}]},{\"@type\":\"BreadcrumbList\",\"@id\":\"https:\/\/aluminium-profile.gr\/es\/schetika-me-emas\/#breadcrumb\",\"itemListElement\":[{\"@type\":\"ListItem\",\"position\":1,\"item\":{\"@type\":\"WebPage\",\"@id\":\"https:\/\/aluminium-profile.gr\/es\/\",\"url\":\"https:\/\/aluminium-profile.gr\/es\/\",\"name\":\"Home\"}},{\"@type\":\"ListItem\",\"position\":2,\"item\":{\"@type\":\"WebPage\",\"@id\":\"https:\/\/aluminium-profile.gr\/es\/schetika-me-emas\/\",\"url\":\"https:\/\/aluminium-profile.gr\/es\/schetika-me-emas\/\",\"name\":\"Qui\\u00e9nes somos\"}}]}]}<\/script>\n<!-- \/ Yoast SEO plugin. -->","_links":{"self":[{"href":"https:\/\/aluminium-profile.gr\/es\/wp-json\/wp\/v2\/pages\/6877"}],"collection":[{"href":"https:\/\/aluminium-profile.gr\/es\/wp-json\/wp\/v2\/pages"}],"about":[{"href":"https:\/\/aluminium-profile.gr\/es\/wp-json\/wp\/v2\/types\/page"}],"author":[{"embeddable":true,"href":"https:\/\/aluminium-profile.gr\/es\/wp-json\/wp\/v2\/users\/1"}],"replies":[{"embeddable":true,"href":"https:\/\/aluminium-profile.gr\/es\/wp-json\/wp\/v2\/comments?post=6877"}],"version-history":[{"count":5,"href":"https:\/\/aluminium-profile.gr\/es\/wp-json\/wp\/v2\/pages\/6877\/revisions"}],"predecessor-version":[{"id":6882,"href":"https:\/\/aluminium-profile.gr\/es\/wp-json\/wp\/v2\/pages\/6877\/revisions\/6882"}],"wp:attachment":[{"href":"https:\/\/aluminium-profile.gr\/es\/wp-json\/wp\/v2\/media?parent=6877"}],"curies":[{"name":"wp","href":"https:\/\/api.w.org\/{rel}","templated":true}]}}