{"id":6897,"date":"2018-03-07T15:36:59","date_gmt":"2018-03-07T13:36:59","guid":{"rendered":"https:\/\/aluminium-profile.gr\/?page_id=6897"},"modified":"2018-03-07T15:37:39","modified_gmt":"2018-03-07T13:37:39","slug":"acasa","status":"publish","type":"page","link":"https:\/\/aluminium-profile.gr\/ro\/","title":{"rendered":"ACASA"},"content":{"rendered":"<p>[vc_row full_width=&#8221;stretch_row_content_no_spaces&#8221; css=&#8221;.vc_custom_1441358061785{margin-bottom: 0px !important;}&#8221;][vc_column][rev_slider_vc alias=&#8221;homepage-01&#8243;][\/vc_column][\/vc_row][vc_row css=&#8221;.vc_custom_1441359070946{padding-top: 70px !important;padding-bottom: 0px !important;}&#8221;][vc_column][vc_row_inner el_class=&#8221;our-features&#8221;][vc_column_inner offset=&#8221;vc_col-md-4&#8243;][vc_custom_heading text=&#8221;Incredere&#8221; font_container=&#8221;tag:h3|font_size:18|text_align:left|color:%23111111&#8243; use_theme_fonts=&#8221;yes&#8221;][vc_column_text]Compania activeaz\u0103 \u00een domeniul comer\u021bului \u0219i construc\u021biilor din 1965 oferind pre\u021buri competitive \u0219i sprijin.[\/vc_column_text][thememove_icon type=&#8221;pe7stroke&#8221; icon_pe7stroke=&#8221;pe-7s-lock&#8221; font_size=&#8221;50&#8243; font_color=&#8221;#111111&#8243;][\/vc_column_inner][vc_column_inner offset=&#8221;vc_col-md-4&#8243;][vc_custom_heading text=&#8221;Calitate &#8221; font_container=&#8221;tag:h3|font_size:18|text_align:left|color:%23111111&#8243; use_theme_fonts=&#8221;yes&#8221;][vc_column_text]Produsele noastre sunt de o calitate excelenta, realizate cu cele mai bune materiale din domeniul lor.[\/vc_column_text][thememove_icon type=&#8221;pe7stroke&#8221; icon_pe7stroke=&#8221;pe-7s-check&#8221; font_size=&#8221;50&#8243; font_color=&#8221;#111111&#8243;][\/vc_column_inner][vc_column_inner offset=&#8221;vc_col-md-4&#8243;][vc_custom_heading text=&#8221;Asamblare u\u0219oar\u0103 &#8221; font_container=&#8221;tag:h3|font_size:18|text_align:left|color:%23111111&#8243; use_theme_fonts=&#8221;yes&#8221;][vc_column_text]Realizate pentru utilizare \u0219i plasare u\u0219oar\u0103 , astfel incat clien\u021bii no\u0219tri nu consum\u0103 timp \u0219i efort \u00een munca lor.[\/vc_column_text][thememove_icon type=&#8221;pe7stroke&#8221; icon_pe7stroke=&#8221;pe-7s-vector&#8221; font_size=&#8221;50&#8243; font_color=&#8221;#111111&#8243;][\/vc_column_inner][\/vc_row_inner][\/vc_column][\/vc_row][vc_row full_width=&#8221;stretch_row&#8221; parallax=&#8221;content-moving&#8221; parallax_image=&#8221;4801&#8243; el_class=&#8221;we-are&#8221; css=&#8221;.vc_custom_1473157304037{margin-bottom: 0px !important;}&#8221;][vc_column offset=&#8221;vc_col-lg-6&#8243;][vc_row_inner el_class=&#8221;heading-title-with-subtitle&#8221; css=&#8221;.vc_custom_1438826134213{margin-bottom: 30px !important;}&#8221;][vc_column_inner][vc_custom_heading text=&#8221;Aluminium Profile a venit pentru a ne face via\u021ba mai u\u0219oar\u0103 &#8221; font_container=&#8221;tag:h2|font_size:32|text_align:left|color:%23111111|line_height:1.2&#8243; use_theme_fonts=&#8221;yes&#8221; el_class=&#8221;heading-title&#8221;][\/vc_column_inner][\/vc_row_inner][vc_column_text]Aluminium Profile sunt fabricate din aliaj de aluminiu 6063 \u0219i sunt anodizate. Nu au nevoie de vopsire, lustruire \u0219i tratament suplimentar de suprafa\u021b\u0103, cum ar fi o\u021belul.<\/p>\n<p>Sunt echipate cu \u0219an\u021buri de 6 mm, 8 mm \u0219i 10 mm, care permit ata\u0219area elementelor de fixare cu componentele \u0219i conectorii corespunz\u0103tori. Cele mai mari beneficii al Profilului sunt plasarea rapid\u0103 \u0219i curat\u0103, durabilitatea \u0219i utilizarea lor \u00een multe aplica\u021bii.<\/p>\n<p>Elementele de conectare concepute pentru profilul lor este instalarea u\u0219oarea \u0219i rapida. Este posibil\u0103 modificarea structurilor chiar \u0219i dup\u0103 finisarea lor.[\/vc_column_text][\/vc_column][vc_column width=&#8221;1\/2&#8243; offset=&#8221;vc_hidden-md vc_hidden-sm vc_hidden-xs&#8221;][vc_column_text]<br \/>\n[\/vc_column_text][\/vc_column][\/vc_row][vc_row css=&#8221;.vc_custom_1472749894915{padding-top: 120px !important;padding-bottom: 0px !important;}&#8221;][vc_column][vc_row_inner el_class=&#8221;heading-title-with-subtitle&#8221; css=&#8221;.vc_custom_1438826134213{margin-bottom: 30px !important;}&#8221;][vc_column_inner][vc_custom_heading text=&#8221;Produse&#8221; font_container=&#8221;tag:h2|font_size:32|text_align:left|color:%23111111&#8243; use_theme_fonts=&#8221;yes&#8221; el_class=&#8221;heading-title&#8221;][vc_column_text]G\u0103si\u021bi produsele care v\u0103 intereseaz\u0103 \u00een categoria corespunz\u0103toare[\/vc_column_text][\/vc_column_inner][\/vc_row_inner][\/vc_column][\/vc_row][vc_row el_class=&#8221;our-services&#8221; css=&#8221;.vc_custom_1471942959514{padding-top: 0px !important;padding-bottom: 30px !important;}&#8221;][vc_column width=&#8221;1\/3&#8243;][vc_column_text]<a href=\"https:\/\/aluminium-profile.gr\/industrial-aluminium-profiles\/\"><img loading=\"lazy\" decoding=\"async\" class=\"alignnone size-full wp-image-4060\" src=\"https:\/\/aluminium-profile.gr\/wp-content\/uploads\/2015\/08\/industrial-aluminium-profile.png\" alt=\"industrial-aluminium-profile\" width=\"370\" height=\"200\" srcset=\"https:\/\/aluminium-profile.gr\/wp-content\/uploads\/2015\/08\/industrial-aluminium-profile.png 370w, https:\/\/aluminium-profile.gr\/wp-content\/uploads\/2015\/08\/industrial-aluminium-profile-300x162.png 300w\" sizes=\"(max-width: 370px) 100vw, 370px\" \/><\/a>[\/vc_column_text][thememove_button icon_handyman=&#8221;hm-renovation&#8221; text=&#8221;Aluminium Profiles&#8221; link=&#8221;url:http%3A%2F%2Faluminium-profile.gr%2Findustrial-aluminium-profiles%2F|title:Industrial%20Aluminium%20Profiles|&#8221; el_class=&#8221;home-cat-btn&#8221;][\/vc_column][vc_column width=&#8221;1\/3&#8243;][vc_column_text]<a href=\"https:\/\/aluminium-profile.gr\/linear-motion-systems\/\"><img loading=\"lazy\" decoding=\"async\" class=\"alignnone size-full wp-image-4065\" src=\"https:\/\/aluminium-profile.gr\/wp-content\/uploads\/2015\/08\/linear-motion-systems.png\" alt=\"linear-motion-systems\" width=\"370\" height=\"200\" srcset=\"https:\/\/aluminium-profile.gr\/wp-content\/uploads\/2015\/08\/linear-motion-systems.png 370w, https:\/\/aluminium-profile.gr\/wp-content\/uploads\/2015\/08\/linear-motion-systems-300x162.png 300w\" sizes=\"(max-width: 370px) 100vw, 370px\" \/><\/a>[\/vc_column_text][thememove_button icon_handyman=&#8221;hm-electrical&#8221; text=&#8221;Linear Motion Systems&#8221; link=&#8221;url:http%3A%2F%2Faluminium-profile.gr%2Flinear-motion-systems%2F|title:Linear%20Motion%20Systems|&#8221; el_class=&#8221;home-cat-btn&#8221;][\/vc_column][vc_column width=&#8221;1\/3&#8243;][vc_column_text]<a href=\"https:\/\/aluminium-profile.gr\/mechanical-parts\/\"><img loading=\"lazy\" decoding=\"async\" class=\"alignnone size-full wp-image-4068\" src=\"https:\/\/aluminium-profile.gr\/wp-content\/uploads\/2015\/08\/mechanical-parts.png\" alt=\"mechanical-parts\" width=\"370\" height=\"200\" srcset=\"https:\/\/aluminium-profile.gr\/wp-content\/uploads\/2015\/08\/mechanical-parts.png 370w, https:\/\/aluminium-profile.gr\/wp-content\/uploads\/2015\/08\/mechanical-parts-300x162.png 300w\" sizes=\"(max-width: 370px) 100vw, 370px\" \/><\/a>[\/vc_column_text][thememove_button icon_handyman=&#8221;hm-painting&#8221; text=&#8221;Mechanical Parts&#8221; link=&#8221;url:http%3A%2F%2Faluminium-profile.gr%2Fmechanical-parts%2F|title:Mechanical%20parts|target:%20_blank&#8221; el_class=&#8221;home-cat-btn&#8221;][\/vc_column][\/vc_row][vc_row el_class=&#8221;our-services&#8221; css=&#8221;.vc_custom_1471942969034{padding-top: 0px !important;padding-bottom: 30px !important;}&#8221;][vc_column width=&#8221;1\/3&#8243;][vc_column_text]<a href=\"https:\/\/aluminium-profile.gr\/proionta-cat\/robotic-market\/\"><img loading=\"lazy\" decoding=\"async\" class=\"alignnone size-full wp-image-4425\" src=\"https:\/\/aluminium-profile.gr\/wp-content\/uploads\/2015\/08\/robotic-parts.jpg\" alt=\"robotic-parts\" width=\"370\" height=\"200\" srcset=\"https:\/\/aluminium-profile.gr\/wp-content\/uploads\/2015\/08\/robotic-parts.jpg 370w, https:\/\/aluminium-profile.gr\/wp-content\/uploads\/2015\/08\/robotic-parts-300x162.jpg 300w\" sizes=\"(max-width: 370px) 100vw, 370px\" \/><\/a>[\/vc_column_text][thememove_button icon_handyman=&#8221;hm-renovation&#8221; text=&#8221;Robotic Market&#8221; link=&#8221;url:http%3A%2F%2Faluminium-profile.gr%2Fproionta-cat%2Frobotic-market%2F|title:Robotic%20market|target:%20_blank&#8221; el_class=&#8221;home-cat-btn&#8221;][\/vc_column][vc_column width=&#8221;1\/3&#8243;][vc_column_text]<a href=\"https:\/\/aluminium-profile.gr\/proionta-cat\/kagkela-alouminiou-tipou-inox\/\"><img loading=\"lazy\" decoding=\"async\" class=\"size-full wp-image-4768 alignnone\" src=\"https:\/\/aluminium-profile.gr\/wp-content\/uploads\/2015\/08\/alumkagkela.jpg\" alt=\"alumkagkela\" width=\"370\" height=\"200\" srcset=\"https:\/\/aluminium-profile.gr\/wp-content\/uploads\/2015\/08\/alumkagkela.jpg 370w, https:\/\/aluminium-profile.gr\/wp-content\/uploads\/2015\/08\/alumkagkela-300x162.jpg 300w\" sizes=\"(max-width: 370px) 100vw, 370px\" \/><\/a>[\/vc_column_text][thememove_button icon_handyman=&#8221;hm-electrical&#8221; text=&#8221;\u039a\u03ac\u03b3\u03ba\u03b5\u03bb\u03b1 \u0391\u03bb\u03bf\u03c5\u03bc\u03b9\u03bd\u03af\u03bf\u03c5 \u03a4\u03cd\u03c0\u03bf\u03c5 Inox&#8221; link=&#8221;url:http%3A%2F%2Faluminium-profile.gr%2Fproionta-cat%2Fkagkela-alouminiou-tipou-inox%2F|title:kagkela%20alouminiou%20tipou%20inox|target:%20_blank&#8221; el_class=&#8221;home-cat-btn&#8221;][\/vc_column][vc_column width=&#8221;1\/3&#8243;][vc_column_text]<img loading=\"lazy\" decoding=\"async\" class=\"alignnone size-full wp-image-6837\" src=\"https:\/\/aluminium-profile.gr\/wp-content\/uploads\/2015\/08\/4838714e-3f72-4d20-a7ce-29883f4b7811-1.jpg\" alt=\"\" width=\"370\" height=\"200\" srcset=\"https:\/\/aluminium-profile.gr\/wp-content\/uploads\/2015\/08\/4838714e-3f72-4d20-a7ce-29883f4b7811-1.jpg 370w, https:\/\/aluminium-profile.gr\/wp-content\/uploads\/2015\/08\/4838714e-3f72-4d20-a7ce-29883f4b7811-1-300x162.jpg 300w\" sizes=\"(max-width: 370px) 100vw, 370px\" \/>[\/vc_column_text][thememove_button icon_handyman=&#8221;hm-painting&#8221; text=&#8221;\u03a3\u03c5\u03c3\u03c4\u03ae\u03bc\u03b1\u03c4\u03b1 \u0392\u03b9\u03bf\u03bc\u03b7\u03c7\u03b1\u03bd\u03b9\u03ba\u03ce\u03bd \u039c\u03b5\u03c4\u03b1\u03c6\u03bf\u03c1\u03ad\u03c9\u03bd&#8221; link=&#8221;url:http%3A%2F%2Faluminium-profile.gr%2Fsistimata-viomixanikwn-metaforewn-2%2F|title:sistimata%20viomixanikwn%20metaforewn|target:%20_blank&#8221; el_class=&#8221;home-cat-btn&#8221;][\/vc_column][\/vc_row][vc_row full_width=&#8221;stretch_row&#8221; parallax=&#8221;content-moving&#8221; parallax_image=&#8221;4774&#8243; css=&#8221;.vc_custom_1472456561713{margin-bottom: 0px !important;}&#8221; el_class=&#8221;quick-quote quick-quote&#8211;dark&#8221;][vc_column width=&#8221;1\/2&#8243; offset=&#8221;vc_hidden-sm vc_hidden-xs&#8221;][vc_column_text]<br \/>\n[\/vc_column_text][vc_column_text]<br \/>\n[\/vc_column_text][\/vc_column][vc_column offset=&#8221;vc_col-lg-6 vc_col-md-6&#8243;][vc_row_inner el_class=&#8221;heading-title-with-subtitle&#8211;dark&#8221; css=&#8221;.vc_custom_1439022468075{margin-bottom: 30px !important;}&#8221;][vc_column_inner][vc_custom_heading text=&#8221;Contacta\u021bi-ne&#8221; font_container=&#8221;tag:h2|font_size:36|text_align:left|color:%23ffffff&#8221; use_theme_fonts=&#8221;yes&#8221; el_class=&#8221;heading-title&#8221; css=&#8221;.vc_custom_1520429691398{padding-top: 70px !important;}&#8221;][vc_column_text]Trimite\u021bi-ne un mesaj.[\/vc_column_text][\/vc_column_inner][\/vc_row_inner]<div role=\"form\" class=\"wpcf7\" id=\"wpcf7-f6899-o1\" lang=\"en-US\" dir=\"ltr\">\n<div class=\"screen-reader-response\"><p role=\"status\" aria-live=\"polite\" aria-atomic=\"true\"><\/p> <ul><\/ul><\/div>\n<form action=\"\/ro\/wp-json\/wp\/v2\/pages\/6897#wpcf7-f6899-o1\" method=\"post\" class=\"wpcf7-form init\" novalidate=\"novalidate\" data-status=\"init\">\n<div style=\"display: none;\">\n<input type=\"hidden\" name=\"_wpcf7\" value=\"6899\" \/>\n<input type=\"hidden\" name=\"_wpcf7_version\" value=\"5.4\" \/>\n<input type=\"hidden\" name=\"_wpcf7_locale\" value=\"en_US\" \/>\n<input type=\"hidden\" name=\"_wpcf7_unit_tag\" value=\"wpcf7-f6899-o1\" \/>\n<input type=\"hidden\" name=\"_wpcf7_container_post\" value=\"0\" \/>\n<input type=\"hidden\" name=\"_wpcf7_posted_data_hash\" value=\"\" \/>\n<\/div>\n<div class=\"form2\">\n<div class=\"row\">\n<div class=\"col-sm-6\">\n      <span class=\"wpcf7-form-control-wrap your-name\"><input type=\"text\" name=\"your-name\" value=\"\" size=\"40\" class=\"wpcf7-form-control wpcf7-text wpcf7-validates-as-required\" aria-required=\"true\" aria-invalid=\"false\" placeholder=\"Nume\" \/><\/span><br \/>\n      <span class=\"wpcf7-form-control-wrap your-subject\"><input type=\"text\" name=\"your-subject\" value=\"\" size=\"40\" class=\"wpcf7-form-control wpcf7-text wpcf7-validates-as-required\" aria-required=\"true\" aria-invalid=\"false\" placeholder=\"Titlu\" \/><\/span>\n    <\/div>\n<div class=\"col-sm-6\">\n      <span class=\"wpcf7-form-control-wrap your-email\"><input type=\"email\" name=\"your-email\" value=\"\" size=\"40\" class=\"wpcf7-form-control wpcf7-text wpcf7-email wpcf7-validates-as-required wpcf7-validates-as-email\" aria-required=\"true\" aria-invalid=\"false\" placeholder=\"Email\" \/><\/span><br \/>\n      <span class=\"wpcf7-form-control-wrap your-phone\"><input type=\"text\" name=\"your-phone\" value=\"\" size=\"40\" class=\"wpcf7-form-control wpcf7-text\" aria-invalid=\"false\" placeholder=\"Telefon\" \/><\/span>\n    <\/div>\n<div class=\"col-sm-12\">\n      <span class=\"wpcf7-form-control-wrap your-message\"><textarea name=\"your-message\" cols=\"40\" rows=\"10\" class=\"wpcf7-form-control wpcf7-textarea\" aria-invalid=\"false\" placeholder=\"Mesaj\"><\/textarea><\/span>\n    <\/div>\n<div class=\"col-sm-12\">\n      <input type=\"submit\" value=\"Trimite\" class=\"wpcf7-form-control wpcf7-submit\" \/>\n    <\/div>\n<\/div>\n<\/div>\n<div class=\"wpcf7-response-output\" aria-hidden=\"true\"><\/div><\/form><\/div>[vc_empty_space height=&#8221;70&#8243;][\/vc_column][\/vc_row][vc_row css=&#8221;.vc_custom_1439028024211{margin-bottom: 0px !important;padding-top: 50px !important;padding-bottom: 50px !important;}&#8221;][vc_column][vc_single_image image=&#8221;4092&#8243; img_size=&#8221;full&#8221; alignment=&#8221;center&#8221;][vc_custom_heading text=&#8221;Reprezentant exclusiv Dogus Kalip&#8221; font_container=&#8221;tag:h2|font_size:32px|text_align:center&#8221;][\/vc_column][\/vc_row]<\/p>\n","protected":false},"excerpt":{"rendered":"<p>[vc_row full_width=&#8221;stretch_row_content_no_spaces&#8221; css=&#8221;.vc_custom_1441358061785{margin-bottom: 0px !important;}&#8221;][vc_column][rev_slider_vc alias=&#8221;homepage-01&#8243;][\/vc_column][\/vc_row][vc_row css=&#8221;.vc_custom_1441359070946{padding-top: 70px !important;padding-bottom: 0px !important;}&#8221;][vc_column][vc_row_inner el_class=&#8221;our-features&#8221;][vc_column_inner offset=&#8221;vc_col-md-4&#8243;][vc_custom_heading text=&#8221;Incredere&#8221; font_container=&#8221;tag:h3|font_size:18|text_align:left|color:%23111111&#8243; use_theme_fonts=&#8221;yes&#8221;][vc_column_text]Compania activeaz\u0103 \u00een domeniul comer\u021bului \u0219i construc\u021biilor din 1965 oferind pre\u021buri competitive \u0219i sprijin.[\/vc_column_text][thememove_icon type=&#8221;pe7stroke&#8221; icon_pe7stroke=&#8221;pe-7s-lock&#8221; font_size=&#8221;50&#8243; font_color=&#8221;#111111&#8243;][\/vc_column_inner][vc_column_inner offset=&#8221;vc_col-md-4&#8243;][vc_custom_heading text=&#8221;Calitate &#8221; font_container=&#8221;tag:h3|font_size:18|text_align:left|color:%23111111&#8243; use_theme_fonts=&#8221;yes&#8221;][vc_column_text]Produsele noastre sunt de o calitate excelenta, realizate cu cele mai bune materiale din domeniul lor.[\/vc_column_text][thememove_icon type=&#8221;pe7stroke&#8221; icon_pe7stroke=&#8221;pe-7s-check&#8221; [&hellip;]<\/p>\n","protected":false},"author":1,"featured_media":0,"parent":0,"menu_order":0,"comment_status":"open","ping_status":"open","template":"","meta":{"footnotes":""},"class_list":["post-6897","page","type-page","status-publish","hentry"],"yoast_head":"<!-- This site is optimized with the Yoast SEO plugin v16.0.2 - https:\/\/yoast.com\/wordpress\/plugins\/seo\/ -->\n<title>ACASA - Aluminium Profile<\/title>\n<link rel=\"canonical\" href=\"https:\/\/aluminium-profile.gr\/ro\/\" \/>\n<meta property=\"og:locale\" content=\"ro_RO\" \/>\n<meta property=\"og:type\" content=\"article\" \/>\n<meta property=\"og:title\" content=\"ACASA - Aluminium Profile\" \/>\n<meta property=\"og:description\" content=\"[vc_row full_width=&#8221;stretch_row_content_no_spaces&#8221; css=&#8221;.vc_custom_1441358061785{margin-bottom: 0px !important;}&#8221;][vc_column][rev_slider_vc alias=&#8221;homepage-01&#8243;][\/vc_column][\/vc_row][vc_row css=&#8221;.vc_custom_1441359070946{padding-top: 70px !important;padding-bottom: 0px !important;}&#8221;][vc_column][vc_row_inner el_class=&#8221;our-features&#8221;][vc_column_inner offset=&#8221;vc_col-md-4&#8243;][vc_custom_heading text=&#8221;Incredere&#8221; font_container=&#8221;tag:h3|font_size:18|text_align:left|color:%23111111&#8243; use_theme_fonts=&#8221;yes&#8221;][vc_column_text]Compania activeaz\u0103 \u00een domeniul comer\u021bului \u0219i construc\u021biilor din 1965 oferind pre\u021buri competitive \u0219i sprijin.[\/vc_column_text][thememove_icon type=&#8221;pe7stroke&#8221; icon_pe7stroke=&#8221;pe-7s-lock&#8221; font_size=&#8221;50&#8243; font_color=&#8221;#111111&#8243;][\/vc_column_inner][vc_column_inner offset=&#8221;vc_col-md-4&#8243;][vc_custom_heading text=&#8221;Calitate &#8221; font_container=&#8221;tag:h3|font_size:18|text_align:left|color:%23111111&#8243; use_theme_fonts=&#8221;yes&#8221;][vc_column_text]Produsele noastre sunt de o calitate excelenta, realizate cu cele mai bune materiale din domeniul lor.[\/vc_column_text][thememove_icon type=&#8221;pe7stroke&#8221; icon_pe7stroke=&#8221;pe-7s-check&#8221; [&hellip;]\" \/>\n<meta property=\"og:url\" content=\"https:\/\/aluminium-profile.gr\/ro\/\" \/>\n<meta property=\"og:site_name\" content=\"Aluminium Profile\" \/>\n<meta property=\"article:modified_time\" content=\"2018-03-07T13:37:39+00:00\" \/>\n<meta property=\"og:image\" content=\"https:\/\/aluminium-profile.gr\/wp-content\/uploads\/2015\/08\/industrial-aluminium-profile.png\" \/>\n<meta name=\"twitter:card\" content=\"summary\" \/>\n<meta name=\"twitter:label1\" content=\"Timp estimat pentru citire\">\n\t<meta name=\"twitter:data1\" content=\"5 minute\">\n<script type=\"application\/ld+json\" class=\"yoast-schema-graph\">{\"@context\":\"https:\/\/schema.org\",\"@graph\":[{\"@type\":\"WebSite\",\"@id\":\"https:\/\/aluminium-profile.gr\/ro\/#website\",\"url\":\"https:\/\/aluminium-profile.gr\/ro\/\",\"name\":\"Aluminium Profile\",\"description\":\"\\u03a0\\u03c1\\u03bf\\u03c6\\u03af\\u03bb \\u03b1\\u03bb\\u03bf\\u03c5\\u03bc\\u03b9\\u03bd\\u03af\\u03bf\\u03c5 - \\u0395\\u03be\\u03b1\\u03c1\\u03c4\\u03ae\\u03bc\\u03b1\\u03c4\\u03b1 \\u03c3\\u03cd\\u03bd\\u03b4\\u03b5\\u03c3\\u03b7\\u03c2- \\u039a\\u03ac\\u03b3\\u03ba\\u03b5\\u03bb\\u03b1 \\u03b1\\u03bb\\u03bf\\u03c5\\u03bc\\u03b9\\u03bd\\u03af\\u03bf\\u03c5\",\"potentialAction\":[{\"@type\":\"SearchAction\",\"target\":\"https:\/\/aluminium-profile.gr\/ro\/?s={search_term_string}\",\"query-input\":\"required name=search_term_string\"}],\"inLanguage\":\"ro-RO\"},{\"@type\":\"ImageObject\",\"@id\":\"https:\/\/aluminium-profile.gr\/ro\/#primaryimage\",\"inLanguage\":\"ro-RO\",\"url\":\"https:\/\/aluminium-profile.gr\/wp-content\/uploads\/2015\/08\/industrial-aluminium-profile.png\",\"width\":370,\"height\":200},{\"@type\":\"WebPage\",\"@id\":\"https:\/\/aluminium-profile.gr\/ro\/#webpage\",\"url\":\"https:\/\/aluminium-profile.gr\/ro\/\",\"name\":\"ACASA - Aluminium Profile\",\"isPartOf\":{\"@id\":\"https:\/\/aluminium-profile.gr\/ro\/#website\"},\"primaryImageOfPage\":{\"@id\":\"https:\/\/aluminium-profile.gr\/ro\/#primaryimage\"},\"datePublished\":\"2018-03-07T13:36:59+00:00\",\"dateModified\":\"2018-03-07T13:37:39+00:00\",\"breadcrumb\":{\"@id\":\"https:\/\/aluminium-profile.gr\/ro\/#breadcrumb\"},\"inLanguage\":\"ro-RO\",\"potentialAction\":[{\"@type\":\"ReadAction\",\"target\":[\"https:\/\/aluminium-profile.gr\/ro\/\"]}]},{\"@type\":\"BreadcrumbList\",\"@id\":\"https:\/\/aluminium-profile.gr\/ro\/#breadcrumb\",\"itemListElement\":[{\"@type\":\"ListItem\",\"position\":1,\"item\":{\"@type\":\"WebPage\",\"@id\":\"https:\/\/aluminium-profile.gr\/ro\/\",\"url\":\"https:\/\/aluminium-profile.gr\/ro\/\",\"name\":\"Home\"}},{\"@type\":\"ListItem\",\"position\":2,\"item\":{\"@type\":\"WebPage\",\"@id\":\"https:\/\/aluminium-profile.gr\/ro\/\",\"url\":\"https:\/\/aluminium-profile.gr\/ro\/\",\"name\":\"ACASA\"}}]}]}<\/script>\n<!-- \/ Yoast SEO plugin. -->","_links":{"self":[{"href":"https:\/\/aluminium-profile.gr\/ro\/wp-json\/wp\/v2\/pages\/6897"}],"collection":[{"href":"https:\/\/aluminium-profile.gr\/ro\/wp-json\/wp\/v2\/pages"}],"about":[{"href":"https:\/\/aluminium-profile.gr\/ro\/wp-json\/wp\/v2\/types\/page"}],"author":[{"embeddable":true,"href":"https:\/\/aluminium-profile.gr\/ro\/wp-json\/wp\/v2\/users\/1"}],"replies":[{"embeddable":true,"href":"https:\/\/aluminium-profile.gr\/ro\/wp-json\/wp\/v2\/comments?post=6897"}],"version-history":[{"count":3,"href":"https:\/\/aluminium-profile.gr\/ro\/wp-json\/wp\/v2\/pages\/6897\/revisions"}],"predecessor-version":[{"id":6901,"href":"https:\/\/aluminium-profile.gr\/ro\/wp-json\/wp\/v2\/pages\/6897\/revisions\/6901"}],"wp:attachment":[{"href":"https:\/\/aluminium-profile.gr\/ro\/wp-json\/wp\/v2\/media?parent=6897"}],"curies":[{"name":"wp","href":"https:\/\/api.w.org\/{rel}","templated":true}]}}