{"id":6902,"date":"2018-03-07T15:39:40","date_gmt":"2018-03-07T13:39:40","guid":{"rendered":"https:\/\/aluminium-profile.gr\/?page_id=6902"},"modified":"2018-03-07T15:39:40","modified_gmt":"2018-03-07T13:39:40","slug":"despre-noi","status":"publish","type":"page","link":"https:\/\/aluminium-profile.gr\/ro\/despre-noi\/","title":{"rendered":"Despre noi"},"content":{"rendered":"<p>[vc_row][vc_column][vc_column_text]<\/p>\n<h3 style=\"text-align: justify;\"><strong>Despre noi<\/strong><\/h3>\n<p>&nbsp;<\/p>\n<p style=\"text-align: justify;\">Compania \u0219i-a \u00eenceput activitatea \u00een 1961 cu fondatorul s\u0103u, Vasileios Meimarid\u03b9s. Initial a functionat ca \u00eentreprindere individual\u0103 sub numele ME\u00cfMARIDIS VASILEIOS. Obiectul principal a fost construc\u021bia de fier \u0219i aluminiu. Mai t\u00e2rziu a trecut la comertul cu fier \u0219i aluminiu. Pentru prelucrarea \u0219i t\u0103ierea metalelor a avut ma\u0219ini, cum ar fi foarfecele, firele si rolele.<\/p>\n<p style=\"text-align: justify;\">Dup\u0103 ani de progres ascendent \u00een 1999, compania trece \u00een m\u00e2inile fiilor lui Meimaridis. De la o companie individual\u0103 se transform\u0103 \u00een Partenariat General \u0219i are un caracter pur familial, deoarece membrii s\u0103i sunt fra\u021bii Stelios \u0219i Giorgos Meimaridis. Noul nume al companiei este ME\u00cfMARIDIS &amp;Co.<\/p>\n<p style=\"text-align: justify;\"><strong>Compania are ca scop principal de servirea imediata a clien\u021bilor s\u0103i si asta se realizeaz\u0103 cu cele mai bune pre\u021buri posibile. <\/strong><\/p>\n<p>Compania noastra ME\u00cfMARIDIS &amp; Co\u00a0 pe l\u00e2ng\u0103 produsele de pe site-ul web au alte tipuri de aluminiu cum ar fi:[\/vc_column_text][\/vc_column][\/vc_row][vc_row][vc_column][vc_single_image image=&#8221;4623&#8243; img_size=&#8221;full&#8221; alignment=&#8221;center&#8221;][\/vc_column][\/vc_row]<\/p>\n","protected":false},"excerpt":{"rendered":"<p>[vc_row][vc_column][vc_column_text] Despre noi &nbsp; Compania \u0219i-a \u00eenceput activitatea \u00een 1961 cu fondatorul s\u0103u, Vasileios Meimarid\u03b9s. Initial a functionat ca \u00eentreprindere individual\u0103 sub numele ME\u00cfMARIDIS VASILEIOS. Obiectul principal a fost construc\u021bia de fier \u0219i aluminiu. Mai t\u00e2rziu a trecut la comertul cu fier \u0219i aluminiu. Pentru prelucrarea \u0219i t\u0103ierea metalelor a avut ma\u0219ini, cum ar fi [&hellip;]<\/p>\n","protected":false},"author":1,"featured_media":0,"parent":0,"menu_order":0,"comment_status":"open","ping_status":"open","template":"","meta":{"footnotes":""},"class_list":["post-6902","page","type-page","status-publish","hentry"],"yoast_head":"<!-- This site is optimized with the Yoast SEO plugin v16.0.2 - https:\/\/yoast.com\/wordpress\/plugins\/seo\/ -->\n<title>Despre noi - Aluminium Profile<\/title>\n<link rel=\"canonical\" href=\"https:\/\/aluminium-profile.gr\/ro\/despre-noi\/\" \/>\n<meta property=\"og:locale\" content=\"ro_RO\" \/>\n<meta property=\"og:type\" content=\"article\" \/>\n<meta property=\"og:title\" content=\"Despre noi - Aluminium Profile\" \/>\n<meta property=\"og:description\" content=\"[vc_row][vc_column][vc_column_text] Despre noi &nbsp; Compania \u0219i-a \u00eenceput activitatea \u00een 1961 cu fondatorul s\u0103u, Vasileios Meimarid\u03b9s. Initial a functionat ca \u00eentreprindere individual\u0103 sub numele ME\u00cfMARIDIS VASILEIOS. Obiectul principal a fost construc\u021bia de fier \u0219i aluminiu. Mai t\u00e2rziu a trecut la comertul cu fier \u0219i aluminiu. Pentru prelucrarea \u0219i t\u0103ierea metalelor a avut ma\u0219ini, cum ar fi [&hellip;]\" \/>\n<meta property=\"og:url\" content=\"https:\/\/aluminium-profile.gr\/ro\/despre-noi\/\" \/>\n<meta property=\"og:site_name\" content=\"Aluminium Profile\" \/>\n<meta name=\"twitter:card\" content=\"summary\" \/>\n<meta name=\"twitter:label1\" content=\"Timp estimat pentru citire\">\n\t<meta name=\"twitter:data1\" content=\"1 minut\">\n<script type=\"application\/ld+json\" class=\"yoast-schema-graph\">{\"@context\":\"https:\/\/schema.org\",\"@graph\":[{\"@type\":\"WebSite\",\"@id\":\"https:\/\/aluminium-profile.gr\/ro\/#website\",\"url\":\"https:\/\/aluminium-profile.gr\/ro\/\",\"name\":\"Aluminium Profile\",\"description\":\"\\u03a0\\u03c1\\u03bf\\u03c6\\u03af\\u03bb \\u03b1\\u03bb\\u03bf\\u03c5\\u03bc\\u03b9\\u03bd\\u03af\\u03bf\\u03c5 - \\u0395\\u03be\\u03b1\\u03c1\\u03c4\\u03ae\\u03bc\\u03b1\\u03c4\\u03b1 \\u03c3\\u03cd\\u03bd\\u03b4\\u03b5\\u03c3\\u03b7\\u03c2- \\u039a\\u03ac\\u03b3\\u03ba\\u03b5\\u03bb\\u03b1 \\u03b1\\u03bb\\u03bf\\u03c5\\u03bc\\u03b9\\u03bd\\u03af\\u03bf\\u03c5\",\"potentialAction\":[{\"@type\":\"SearchAction\",\"target\":\"https:\/\/aluminium-profile.gr\/ro\/?s={search_term_string}\",\"query-input\":\"required name=search_term_string\"}],\"inLanguage\":\"ro-RO\"},{\"@type\":\"WebPage\",\"@id\":\"https:\/\/aluminium-profile.gr\/ro\/despre-noi\/#webpage\",\"url\":\"https:\/\/aluminium-profile.gr\/ro\/despre-noi\/\",\"name\":\"Despre noi - Aluminium Profile\",\"isPartOf\":{\"@id\":\"https:\/\/aluminium-profile.gr\/ro\/#website\"},\"datePublished\":\"2018-03-07T13:39:40+00:00\",\"dateModified\":\"2018-03-07T13:39:40+00:00\",\"breadcrumb\":{\"@id\":\"https:\/\/aluminium-profile.gr\/ro\/despre-noi\/#breadcrumb\"},\"inLanguage\":\"ro-RO\",\"potentialAction\":[{\"@type\":\"ReadAction\",\"target\":[\"https:\/\/aluminium-profile.gr\/ro\/despre-noi\/\"]}]},{\"@type\":\"BreadcrumbList\",\"@id\":\"https:\/\/aluminium-profile.gr\/ro\/despre-noi\/#breadcrumb\",\"itemListElement\":[{\"@type\":\"ListItem\",\"position\":1,\"item\":{\"@type\":\"WebPage\",\"@id\":\"https:\/\/aluminium-profile.gr\/ro\/\",\"url\":\"https:\/\/aluminium-profile.gr\/ro\/\",\"name\":\"Home\"}},{\"@type\":\"ListItem\",\"position\":2,\"item\":{\"@type\":\"WebPage\",\"@id\":\"https:\/\/aluminium-profile.gr\/ro\/despre-noi\/\",\"url\":\"https:\/\/aluminium-profile.gr\/ro\/despre-noi\/\",\"name\":\"Despre noi\"}}]}]}<\/script>\n<!-- \/ Yoast SEO plugin. -->","_links":{"self":[{"href":"https:\/\/aluminium-profile.gr\/ro\/wp-json\/wp\/v2\/pages\/6902"}],"collection":[{"href":"https:\/\/aluminium-profile.gr\/ro\/wp-json\/wp\/v2\/pages"}],"about":[{"href":"https:\/\/aluminium-profile.gr\/ro\/wp-json\/wp\/v2\/types\/page"}],"author":[{"embeddable":true,"href":"https:\/\/aluminium-profile.gr\/ro\/wp-json\/wp\/v2\/users\/1"}],"replies":[{"embeddable":true,"href":"https:\/\/aluminium-profile.gr\/ro\/wp-json\/wp\/v2\/comments?post=6902"}],"version-history":[{"count":2,"href":"https:\/\/aluminium-profile.gr\/ro\/wp-json\/wp\/v2\/pages\/6902\/revisions"}],"predecessor-version":[{"id":6904,"href":"https:\/\/aluminium-profile.gr\/ro\/wp-json\/wp\/v2\/pages\/6902\/revisions\/6904"}],"wp:attachment":[{"href":"https:\/\/aluminium-profile.gr\/ro\/wp-json\/wp\/v2\/media?parent=6902"}],"curies":[{"name":"wp","href":"https:\/\/api.w.org\/{rel}","templated":true}]}}